{"id":55,"date":"2026-02-01T18:03:59","date_gmt":"2026-02-01T18:03:59","guid":{"rendered":"http:\/\/vttdesmonts.fr\/?page_id=55"},"modified":"2026-04-07T06:50:14","modified_gmt":"2026-04-07T06:50:14","slug":"about","status":"publish","type":"page","link":"http:\/\/vttdesmonts.fr\/?page_id=55","title":{"rendered":"Randonn\u00e9e du 1er Mai 2026"},"content":{"rendered":"<div class=\"wp-block-image\">\n<figure class=\"aligncenter size-large is-resized\"><img loading=\"lazy\" decoding=\"async\" width=\"724\" height=\"1024\" src=\"http:\/\/vttdesmonts.fr\/wp-content\/uploads\/2026\/02\/Affiche-2026-Version-01-A4.jpg-724x1024.jpeg\" alt=\"\" class=\"wp-image-125\" style=\"aspect-ratio:0.7070300950264793;width:344px;height:auto\" srcset=\"http:\/\/vttdesmonts.fr\/wp-content\/uploads\/2026\/02\/Affiche-2026-Version-01-A4.jpg-724x1024.jpeg 724w, http:\/\/vttdesmonts.fr\/wp-content\/uploads\/2026\/02\/Affiche-2026-Version-01-A4.jpg-212x300.jpeg 212w, http:\/\/vttdesmonts.fr\/wp-content\/uploads\/2026\/02\/Affiche-2026-Version-01-A4.jpg-768x1087.jpeg 768w, http:\/\/vttdesmonts.fr\/wp-content\/uploads\/2026\/02\/Affiche-2026-Version-01-A4.jpg-1086x1536.jpeg 1086w, http:\/\/vttdesmonts.fr\/wp-content\/uploads\/2026\/02\/Affiche-2026-Version-01-A4.jpg.jpeg 1181w\" sizes=\"auto, (max-width: 724px) 100vw, 724px\" \/><\/figure>\n<\/div>\n\n\n<p>Apr\u00e8s le succ\u00e8s de la rando 2025, l\u2019\u00e9quipe du VTT des Monts vous propose cette ann\u00e9e des parcours nouveaux qui vous emm\u00e8neront dans des <strong>secteurs parfois m\u00e9connus<\/strong>.<br>Cette ann\u00e9e encore, les circuits vous feront profiter des <strong>vues plongeantes sur la Vall\u00e9e de Rh\u00f4ne, la cha\u00eene des Alpes, le massif du Pilat<\/strong>, ou encore les <strong>vues panoramiques sur les Monts du Forez<\/strong>.<\/p>\n\n\n\n<p class=\"has-medium-font-size\"><strong>Informations pratiques<\/strong><\/p>\n\n\n\n<p>Chaque circuit se d\u00e9roule en boucle sur chemins et sentiers de notre r\u00e9gion.<\/p>\n\n\n\n<ul class=\"wp-block-list\">\n<li>Randonn\u00e9e pour VTT et VAE<\/li>\n\n\n\n<li>Ravitaillements sur les parcours<\/li>\n\n\n\n<li>Barbecue et boisson offerte \u00e0 l&#8217;arriv\u00e9e<\/li>\n\n\n\n<li>Casque obligatoire<\/li>\n\n\n\n<li>Autorisation parentale pour les mineurs<\/li>\n\n\n\n<li>Attention, par souci d\u2019\u00e9cologie, merci de venir avec un gobelet<\/li>\n\n\n\n<li>Parkings, aire de lavage VTT<\/li>\n\n\n\n<li>Douches<\/li>\n\n\n\n<li><strong>Accueil \u00e0 partir de 7h \u00e0 l\u2019\u00e9cole Claude Anim\u00e9, 69850 St Martin en Haut<\/strong><\/li>\n\n\n\n<li><strong>Places limit\u00e9es<\/strong><\/li>\n\n\n\n<li>ATTENTION, derniers d\u00e9parts \u00e0 :\n<ul class=\"wp-block-list\">\n<li>9h pour le 60km<\/li>\n\n\n\n<li>9h30 pour le 46km<\/li>\n\n\n\n<li>10h00 pour le 34 et le 26km<\/li>\n\n\n\n<li>11h00 pour le 15 et le 8km<\/li>\n<\/ul>\n<\/li>\n<\/ul>\n\n\n\n<p class=\"has-medium-font-size\"><strong>Parcours<\/strong><\/p>\n\n\n\n<ul class=\"wp-block-list\">\n<li><strong>Circuit 1 : 8km 180d+<\/strong><br>Parcours facile sp\u00e9cialement destin\u00e9 aux enfants et d\u00e9butants. Venez d\u00e9couvrir vos tous premiers singles.<\/li>\n\n\n\n<li><strong>Circuit 2 : 15km 400d+<\/strong><br>Pas de mont\u00e9e impossible, des jolis chemins, et une descente ludique sp\u00e9cialement pr\u00e9par\u00e9e par les jeunes de l\u2019\u00e9cole cyclo. Un bel \u00e9chantillon repr\u00e9sentatif des chemins de la commune.<\/li>\n\n\n\n<li><strong>Circuit 3 : 26km 700d+<\/strong><br>26km et seulement 700 d\u00e9nivel\u00e9 positif, trop facile ? Bon, on n\u2019a pas pu s\u2019emp\u00eacher d\u2019y inclure un peu de piquant\u2026 Quand-m\u00eame, on est dans les Monts! Et puis, la superbe vue depuis le village de Riverie, \u00e7a se m\u00e9rite !<\/li>\n\n\n\n<li><strong>Circuit 4 : 34km 1000d+<\/strong><br>Une belle descente de 300d- en quelques kilom\u00e8tres avec une magnifique vue sur la vall\u00e9e du Rh\u00f4ne, le tout surplomb\u00e9 par les Alpes. La remont\u00e9e progressive et vari\u00e9e vous permettra d\u2019admirer les points de vue sur le Pilat. Appr\u00e9ciez la derni\u00e8re descente concoct\u00e9e par les jeunes de l\u2019\u00e9cole cyclo et remontez \u00e0 votre rythme jusqu\u2019au point de d\u00e9part<\/li>\n\n\n\n<li><strong>Circuit 5 : 45km 1300 d+<\/strong><br>La descente du 34km vous para\u00eet trop courte ? Prolongez le plaisir et encha\u00eenez 450 de d\u00e9nivel\u00e9 n\u00e9gatif jusqu\u2019au fin fond du village de Rontalon. La remont\u00e9e se fera en plusieurs paliers successifs. Un dernier crochet par le pittoresque village de Riverie, et vous aurez accompli un joli tour panoramique de notre r\u00e9gion<\/li>\n\n\n\n<li><strong>Circuit 6 : 60km 1700 d+<\/strong><br>Ce parcours vous emm\u00e8nera encore plus loin et vous fera traverser les vergers des coteaux du Lyonnais. Le retour rejoindra rapidement le circuit 45km. Quelques variantes, un dernier plaisir dans les singles de la descente de la Roche-Matiole, et vous aurez bien m\u00e9rit\u00e9 le casse-cro\u00fbte de l\u2019arriv\u00e9e<\/li>\n<\/ul>\n\n\n\n<p><strong>Inscriptions<\/strong><\/p>\n\n\n\n<p>Pr\u00e9-inscriptions sur : <a href=\"https:\/\/www.helloasso.com\/associations\/vtt-des-monts\/evenements\/rando-vtt-1er-mai-vvt-des-monts\">https:\/\/www.helloasso.com\/associations\/vtt-des-monts\/evenements\/rando-vtt-1er-mai-vvt-des-monts<\/a> <\/p>\n\n\n\n<figure class=\"wp-block-image size-full\"><a href=\"http:\/\/vttdesmonts.fr\/wp-content\/uploads\/2026\/04\/image.png\"><img loading=\"lazy\" decoding=\"async\" width=\"200\" height=\"200\" src=\"http:\/\/vttdesmonts.fr\/wp-content\/uploads\/2026\/04\/image.png\" alt=\"\" class=\"wp-image-155\" srcset=\"http:\/\/vttdesmonts.fr\/wp-content\/uploads\/2026\/04\/image.png 200w, http:\/\/vttdesmonts.fr\/wp-content\/uploads\/2026\/04\/image-150x150.png 150w, http:\/\/vttdesmonts.fr\/wp-content\/uploads\/2026\/04\/image-100x100.png 100w\" sizes=\"auto, (max-width: 200px) 100vw, 200px\" \/><\/a><\/figure>\n\n\n\n<p> Date limite de pr\u00e9-inscriptions le 30 avril \u00e0 20h<br>Inscriptions sur place +2\u20ac<\/p>\n\n\n\n<p><\/p>\n","protected":false},"excerpt":{"rendered":"<p>Apr\u00e8s le succ\u00e8s de la rando 2025, l\u2019\u00e9quipe du VTT des Monts vous propose cette ann\u00e9e des parcours nouveaux qui vous emm\u00e8neront dans des secteurs parfois m\u00e9connus.Cette ann\u00e9e encore, les circuits vous feront profiter des vues plongeantes sur la Vall\u00e9e de Rh\u00f4ne, la cha\u00eene des Alpes, le massif du Pilat, ou encore les vues panoramiques &hellip; <\/p>\n<p class=\"link-more\"><a href=\"http:\/\/vttdesmonts.fr\/?page_id=55\" class=\"more-link\">Continue reading<span class=\"screen-reader-text\"> &#8220;Randonn\u00e9e du 1er Mai 2026&#8221;<\/span><\/a><\/p>\n","protected":false},"author":1,"featured_media":0,"parent":0,"menu_order":0,"comment_status":"closed","ping_status":"closed","template":"","meta":{"ngg_post_thumbnail":0,"footnotes":""},"class_list":["post-55","page","type-page","status-publish","hentry"],"_links":{"self":[{"href":"http:\/\/vttdesmonts.fr\/index.php?rest_route=\/wp\/v2\/pages\/55","targetHints":{"allow":["GET"]}}],"collection":[{"href":"http:\/\/vttdesmonts.fr\/index.php?rest_route=\/wp\/v2\/pages"}],"about":[{"href":"http:\/\/vttdesmonts.fr\/index.php?rest_route=\/wp\/v2\/types\/page"}],"author":[{"embeddable":true,"href":"http:\/\/vttdesmonts.fr\/index.php?rest_route=\/wp\/v2\/users\/1"}],"replies":[{"embeddable":true,"href":"http:\/\/vttdesmonts.fr\/index.php?rest_route=%2Fwp%2Fv2%2Fcomments&post=55"}],"version-history":[{"count":11,"href":"http:\/\/vttdesmonts.fr\/index.php?rest_route=\/wp\/v2\/pages\/55\/revisions"}],"predecessor-version":[{"id":159,"href":"http:\/\/vttdesmonts.fr\/index.php?rest_route=\/wp\/v2\/pages\/55\/revisions\/159"}],"wp:attachment":[{"href":"http:\/\/vttdesmonts.fr\/index.php?rest_route=%2Fwp%2Fv2%2Fmedia&parent=55"}],"curies":[{"name":"wp","href":"https:\/\/api.w.org\/{rel}","templated":true}]}}