{"id":132,"date":"2026-02-27T19:00:26","date_gmt":"2026-02-27T19:00:26","guid":{"rendered":"http:\/\/vttdesmonts.fr\/?page_id=132"},"modified":"2026-02-27T19:21:16","modified_gmt":"2026-02-27T19:21:16","slug":"section-jeunes-lecole-cyclo","status":"publish","type":"page","link":"http:\/\/vttdesmonts.fr\/?page_id=132","title":{"rendered":"Section jeunes &#8211; L&#8217;\u00c9cole Cyclo"},"content":{"rendered":"\n<p>L&#8217;\u00c9cole Cyclo est destin\u00e9e aux jeunes de 8 \u00e0 16 ans qui souhaitent d\u00e9couvrir et perfectionner leur pratique du VTT gr\u00e2ce \u00e0 des entrainements tout en partageant un moment de convivialit\u00e9. Les entrainements sont encadr\u00e9s par les membres du club form\u00e9s \u00e0 cet effet avec un r\u00e9f\u00e9rent par groupe.<\/p>\n\n\n\n<p><strong>Organisation de l&#8217;\u00c9cole Cyclo et des entrainements<\/strong><\/p>\n\n\n\n<p>L&#8217;\u00c9cole Cyclo est compos\u00e9e de 3 groupes de 12 jeunes maximum dont les cours ont lieu le samedi.<\/p>\n\n\n\n<ul class=\"wp-block-list\">\n<li>D\u00e9butants : samedi apr\u00e8s-midi de 14h \u00e0 16<\/li>\n\n\n\n<li>Interm\u00e9diaires : samedi matin de 9h30 \u00e0 12h<\/li>\n\n\n\n<li>Confirm\u00e9s : samedi matin de 9h30 \u00e0 12h<\/li>\n<\/ul>\n\n\n\n<p>Les entrainements vise \u00e0 d\u00e9couvrir et \u00e0 perfectionner ses capacit\u00e9s dans les diff\u00e9rentes disciplines du VTT : descente, trial, cross-country, mont\u00e9e. Ils sont \u00e9galement des moments de d\u00e9couverte des sentiers et des points de vue des Monts du Lyonnais \u00e0 travers des sessions de roulage. Enfin, diff\u00e9rents \u00e9v\u00e8nements comme des courses d&#8217;orientation, des journ\u00e9es inter-club et la journ\u00e9e de fin d&#8217;ann\u00e9e permet de se retrouver tous ensemble pour se confronter aux autres mais surtout \u00e0 soi m\u00eame pour mesurer les progr\u00e8s !<\/p>\n\n\n\n<p><strong>Planning des entrainements pour le 1er semestre 2026<\/strong><\/p>\n\n\n\n<figure class=\"wp-block-image size-full\"><img loading=\"lazy\" decoding=\"async\" width=\"843\" height=\"419\" src=\"http:\/\/vttdesmonts.fr\/wp-content\/uploads\/2026\/02\/Calendrier-1er-semestre-2026.png\" alt=\"\" class=\"wp-image-134\" srcset=\"http:\/\/vttdesmonts.fr\/wp-content\/uploads\/2026\/02\/Calendrier-1er-semestre-2026.png 843w, http:\/\/vttdesmonts.fr\/wp-content\/uploads\/2026\/02\/Calendrier-1er-semestre-2026-300x149.png 300w, http:\/\/vttdesmonts.fr\/wp-content\/uploads\/2026\/02\/Calendrier-1er-semestre-2026-768x382.png 768w\" sizes=\"auto, (max-width: 706px) 89vw, (max-width: 767px) 82vw, 740px\" \/><\/figure>\n","protected":false},"excerpt":{"rendered":"<p>L&#8217;\u00c9cole Cyclo est destin\u00e9e aux jeunes de 8 \u00e0 16 ans qui souhaitent d\u00e9couvrir et perfectionner leur pratique du VTT gr\u00e2ce \u00e0 des entrainements tout en partageant un moment de convivialit\u00e9. Les entrainements sont encadr\u00e9s par les membres du club form\u00e9s \u00e0 cet effet avec un r\u00e9f\u00e9rent par groupe. Organisation de l&#8217;\u00c9cole Cyclo et des &hellip; <\/p>\n<p class=\"link-more\"><a href=\"http:\/\/vttdesmonts.fr\/?page_id=132\" class=\"more-link\">Continue reading<span class=\"screen-reader-text\"> &#8220;Section jeunes &#8211; L&#8217;\u00c9cole Cyclo&#8221;<\/span><\/a><\/p>\n","protected":false},"author":2,"featured_media":0,"parent":0,"menu_order":0,"comment_status":"closed","ping_status":"closed","template":"","meta":{"ngg_post_thumbnail":0,"footnotes":""},"class_list":["post-132","page","type-page","status-publish","hentry"],"_links":{"self":[{"href":"http:\/\/vttdesmonts.fr\/index.php?rest_route=\/wp\/v2\/pages\/132","targetHints":{"allow":["GET"]}}],"collection":[{"href":"http:\/\/vttdesmonts.fr\/index.php?rest_route=\/wp\/v2\/pages"}],"about":[{"href":"http:\/\/vttdesmonts.fr\/index.php?rest_route=\/wp\/v2\/types\/page"}],"author":[{"embeddable":true,"href":"http:\/\/vttdesmonts.fr\/index.php?rest_route=\/wp\/v2\/users\/2"}],"replies":[{"embeddable":true,"href":"http:\/\/vttdesmonts.fr\/index.php?rest_route=%2Fwp%2Fv2%2Fcomments&post=132"}],"version-history":[{"count":2,"href":"http:\/\/vttdesmonts.fr\/index.php?rest_route=\/wp\/v2\/pages\/132\/revisions"}],"predecessor-version":[{"id":140,"href":"http:\/\/vttdesmonts.fr\/index.php?rest_route=\/wp\/v2\/pages\/132\/revisions\/140"}],"wp:attachment":[{"href":"http:\/\/vttdesmonts.fr\/index.php?rest_route=%2Fwp%2Fv2%2Fmedia&parent=132"}],"curies":[{"name":"wp","href":"https:\/\/api.w.org\/{rel}","templated":true}]}}